{"id":13389,"date":"2020-10-04T13:23:08","date_gmt":"2020-10-04T11:23:08","guid":{"rendered":"https:\/\/www.newth.net\/eirik\/?page_id=13389"},"modified":"2020-10-04T13:45:20","modified_gmt":"2020-10-04T11:45:20","slug":"cv-for-eirik-newth","status":"publish","type":"page","link":"https:\/\/www.newth.net\/eirik\/cv-for-eirik-newth\/","title":{"rendered":"CV for Eirik Magnus Newth"},"content":{"rendered":"\n<h4 class=\"wp-block-heading\">Utdannelse<\/h4>\n\n\n\n<p>Examen Artium fra Vahl videreg\u00e5ende skole, Oslo, i 1983. Cand. scient med hovedfag astrofysikk, Universitetet i Oslo, 1989. Kurs p\u00e5 grunn- og mellomfagsniv\u00e5 i matematikk, fysikk, informatikk og astrofysikk.<\/p>\n\n\n\n<h4 class=\"wp-block-heading\">N\u00e5v\u00e6rende stilling<\/h4>\n\n\n\n<p>Jeg har siden 1990 arbeidet p\u00e5 heltid som frilans forfatter, oversetter og foreleser, hovedsaklig innen feltene naturvitenskap, teknologi og fremtidsforskning. Jeg har det siste \u00e5ret ogs\u00e5 v\u00e6rt medprogramleder i podkasten \u201cRomkapsel\u201d, som fokuserer p\u00e5 astronomi og romforskning.<\/p>\n\n\n\n<h4 class=\"wp-block-heading\">Litter\u00e6r produksjon &#8211; et utvalg<\/h4>\n\n\n\n<ul class=\"wp-block-list\"><li>&#8220;Se opp p\u00e5 v\u00e5r egen stjernehimmel&#8221; (Bonnier-Carlsen) 1992, oversatt til dansk, svensk og tysk. Er kommet i flere opplag i Norge. M\u00e5lgruppe: barn 9 \u00e5r og oppover.<\/li><li>&#8220;Sola &#8211; v\u00e5r egen stjerne&#8221; (Bonnier-Carlsen) 1994, oversatt til dansk, svensk og tysk. M\u00e5lgruppe: barn 9 \u00e5r og oppover.<\/li><li>&#8220;Jakten p\u00e5 sannheten &#8211; vitenskapens historie&#8221; (Tiden) 1996. Boka er i solgt til 19 andre land, deriblant Frankrike, Tyskland, Kina og Japan. M\u00e5lgruppe: eldre barn\/ungdom fra 12 \u00e5r og oppover<\/li><li>&#8220;Aktivitet og undring &#8211; naturfagverk for 5. klasse&#8221; (Gyldendal Undervisning) 1997. L\u00e6rebok i det nye natur- og milj\u00f8faget for grunnskolen.<\/li><li>&#8220;Fremtiden &#8211; hva skjer etter 2000?&#8221; (Gyldendal-Tiden) 1999. Under utgivelse i Tyskland, Italia, Korea og flere andre land. M\u00e5lgruppe: eldre barn\/ungdom fra 12 \u00e5r og oppover.<\/li><li>&#8220;Universet&#8221; (Gyldendal Undervisning) 2001. Tema-prosjektbok for ungdomstrinnet med hovedvekt p\u00e5 stjerner, galakser og andre fjerne himmellegemer.<\/li><li>&#8220;Tallenes Verden&#8221; (Gyldendal Tiden) 2002. Inspirasjonsbok om matematikk for barn i alle aldre.<\/li><li>&#8220;Fakler: Vitenskapen fester grepet&#8221; (Gyldendal Akademisk) 2002. 50 siders bidrag til essaysamling om teknologi og samfunn.<\/li><li>&#8220;Planetene&#8221; (Cappelen) 2002. En presentasjon av Solsystemet for de yngste leserne.<\/li><li>&#8220;Sola&#8221; (Cappelen) 2003. En presentasjon av Sola for de yngste leserne.<\/li><li>&#8220;Liv i Universet&#8221; (Gyldendal) 2003. En h\u00e5ndbok i &#8220;astrobiologi&#8221;, vitenskapen om liv utenfor Jorda.<\/li><li>&#8220;Romfart&#8221; (Cappelen) 2004. En presentasjon av romfart for de yngste leserne.<\/li><li>&#8220;Hvorfor d\u00f8r vi?&#8221; (Gyldendal) 2005. En bok om hvorfor og hvordan mennesker d\u00f8r.<\/li><li>&#8220;Neopangea&#8221; (Cappelen) 2006. Science fiction-roman.<\/li><\/ul>\n\n\n\n<h4 class=\"wp-block-heading\">Priser og nominasjoner<\/h4>\n\n\n\n<ul class=\"wp-block-list\"><li>&#8220;Sola &#8211; v\u00e5r egen stjerne&#8221; ble i 1995 tildelt Kulturdepartementets pris for beste norske fagbok for barn i 1994.<\/li><li>&#8220;Jakten p\u00e5 sannheten&#8221; ble i 1996 tildelt Brageprisen for beste barnebok i 1996.<\/li><li>&#8220;Jakten p\u00e5 sannheten&#8221; ble i 1997 tildelt Kulturdepartementets pris for beste norske fagbok for barn i 1996.<\/li><li>&#8220;Fremtiden&#8221; ble i 1999 nominert til Brageprisen i kategorien beste barnebok i 1999.<\/li><li>&#8220;Fremtiden&#8221; ble i 2000 tildelt Kulturdepartementets pris for beste norske fagbok for barn i 1999.<\/li><li>&#8220;Abenteuer Zukunft&#8221; (tysk utgave av &#8220;Fremtiden&#8221;) ble i 2001 nominert til &#8220;Deutsche Jugendbuchpreis&#8221;, det tyske kulturdepartementets pris for beste fagbok for barn og ungdom i 2000.<\/li><li>Serien om universet p\u00e5 Cappelen forlag (Stjernene, Planetene etc) ble tildelt Norsk skolebibliotekarforenings pris i 2004.<\/li><li>Tildelt &#8220;Barneradioens krystall&#8221; for 2004 for forfatterskapet og bidraget til radio og fjernsyn.<\/li><li>&#8220;Hvorfor d\u00f8r vi?&#8221; vant Nordisk Barnebokpris i 2006<\/li><\/ul>\n\n\n\n<h4 class=\"wp-block-heading\">Artikkelproduksjon<\/h4>\n\n\n\n<ul class=\"wp-block-list\"><li>Artikler om natur, vitenskap og teknikk for &#8220;Arken&#8221; &#8211; en \u00e5rbok for barn og ungdom (Aschehoug) 1985-1990. <\/li><li>Artikkelserie (9 artikler) om stjernehimmelen i ukebladet &#8220;Hjemmet&#8221; i 1994<\/li><li>20 artikler om naturvitenskap til barneverket &#8220;Hugin og Munin&#8221; (Gyldendal) 1995. M\u00e5lgruppe: barn fra 9 \u00e5r og oppover.<\/li><li>Spalte i tidsskriftet &#8220;Prosa&#8221; under tittelen &#8220;Newth p\u00e5 nettet&#8221;.<\/li><li>Har siden 1996 v\u00e6rt bidragsyter til &#8220;Nysgjerrigper&#8221;, Norges Forskningsr\u00e5ds satsing p\u00e5 vitenskapsformidling for skolen.<\/li><li>I 1999 var jeg fast spaltist i Verdens Gang, med to ukentlige epistler om temaet vitenskap og teknologi i det annet \u00e5rtusen. Under tittelen &#8220;Tusen \u00e5r i tabloid&#8221; kom 100 artikler p\u00e5 trykk.<\/li><li>I tillegg artikler i &#8220;Utflukt&#8221;, &#8220;Bok og samfunn&#8221; og &#8220;Dagbladet&#8221;.<\/li><li>I 2001-2002 hadde jeg en fast spalte p\u00e5 Kulturnett og en rekke bidrag p\u00e5 Skolenett<\/li><li>Fast bidragsyter til &#8220;Bok og Bibliotek&#8221; fra 2003-2005<\/li><\/ul>\n\n\n\n<h4 class=\"wp-block-heading\">Digital publisering<\/h4>\n\n\n\n<ul class=\"wp-block-list\"><li>Fra 1996 til 2000 var jeg redakt\u00f8r for det elektroniske tidsskriftet &#8220;Jakten fortsetter&#8221;, med st\u00f8tte fra Utdanningsdepartementet<\/li><li>I 2000 ble prosjektet videref\u00f8rt i &#8220;Aktuell Viten&#8221;, et ukentlig nyhetsmagasin som leveres via e-post<\/li><li>Fra 2001 til 2003 var &#8220;Aktuell Viten&#8221; fullfinansiert av det Matematisk-Naturvitenskapelig fakultet ved UiO<\/li><li>Det ble fulgt opp av webloggen VBLoggen fram til 2005.<\/li><li>Siden 2004 har digital formidlingsvirksomhet hovedsaklig skjedd p\u00e5 newth.net\/eirik og newth.net\/mars<\/li><\/ul>\n\n\n\n<h4 class=\"wp-block-heading\">Oversettelser<\/h4>\n\n\n\n<p>Mer enn 30 fag- og skj\u00f8nnlitter\u00e6re b\u00f8ker, med hovedvekt p\u00e5 naturvitenskap og vitenskapshistorie (diverse forlag). Vesentlig gjort i tidsrommet 1988 &#8211; 1995. <\/p>\n\n\n\n<h4 class=\"wp-block-heading\">Foredrag<\/h4>\n\n\n\n<p>Har siden 1992 holdt hundrevis av foredrag om vitenskap, teknologi, formidling og fremtiden. Blant mine oppdragsgivere har v\u00e6rt Forsvarsstaben, PST, Kripos, NHO, Nasjonalt Sikkerhetsforum, Sintef, Telenor, flertalt av norske fylkesbibliotek, Tekniska Litteraturselskapet i Stockholm, Norges forskningsr\u00e5d og Universitetet i Oslo. Jeg har i perioden 2010-2020 v\u00e6rt tilknyttet foredragsformidlerne Publicom og Athenas. <\/p>\n\n\n\n<p>Fra 1992 &#8211; 1996 holdt jeg forelesningsserier i astronomi i Planetariet ved Norsk teknisk museum. Jeg har ogs\u00e5 lang erfaring som ressursperson ved skolebes\u00f8k, og har formidlet for elever p\u00e5 alle klassetrinn i grunnskolen. <\/p>\n\n\n\n<p>Jeg har holdt forfatterkurs om faglitteratur og faktaformidling for barn og unge i regi av Norsk Faglitter\u00e6r Forfatter- og Oversetterforening, samt OsloMet og Norsk Barnebokinstitutt<\/p>\n\n\n\n<h4 class=\"wp-block-heading\">Konsulentvirksomhet m.m.<\/h4>\n\n\n\n<ul class=\"wp-block-list\"><li>Vitenskapelig konsulent og redaksjonsmedlem for barneverket &#8220;Hugin og Munin&#8221; (Gyldendal norsk forlag) i 1996 <\/li><li>I 1999 fagkonsulent for redaksjonen til &#8220;Newton&#8221;, et program produsert av Barne- og Ungdomsavdelingen i NRK<\/li><li>Jeg har i 30 \u00e5r v\u00e6rt en hyppig brukt gjest\/ekspertkommentator i norske massemedier<\/li><li>Fremdeles aktiv som fagkonsulent for sakprosa og skj\u00f8nnlitteratur i forlagsbransjen<\/li><li>I 2005 og 2006 var jeg fast gjest og faktar\u00e5dgiver i NRKs &#8220;Frokost-TV&#8221;<\/li><li>I 2005 og 2006 var jeg programleder for vitenskapsprogrammet Superstreng p\u00e5 Kanal24<\/li><li>I 2006 deltok jeg i programmet &#8220;Skal vi danse&#8221; p\u00e5 TV2.<\/li><\/ul>\n\n\n\n<h4 class=\"wp-block-heading\">Tillitsverv og organisasjonsvirksomhet<\/h4>\n\n\n\n<ul class=\"wp-block-list\"><li>Norges Gymnasiastsamband (NGS) (1980-1982).<\/li><li>Nei til Atomv\u00e5pen (1980-1985)<\/li><li>Fagutvalget ved Institutt for teoretisk Astrofysikk (1985-1989)<\/li><li>Sosialistisk Venstreparti (1990-1992, delegat fra Oslo p\u00e5 SVs landsm\u00f8te i 1991)<\/li><li>Norsk Faglitter\u00e6r Forfatter- og Oversetterforening (1991-2000, satt i NFFs styre fra 1995-1998)<\/li><li>Satt fra 1996 til 2004 i Norsk Kulturr\u00e5ds komite for innkj\u00f8psordningen for faglitteratur for barn og unge<\/li><li>Fra 2000-2005 har jeg hatt en rekke andre verv i NFF<\/li><li>I 2003 fungerte jeg som innholdsprodusent og r\u00e5dgiver for Norges forskningsr\u00e5d i forbindelse med prosjektet &#8220;Nanomat&#8221;<\/li><li>I 2004 fungerte jeg som innholdsprodusent og r\u00e5dgiver for Fysisk selskap i forbindelse med Fysikk\u00e5ret 2005<\/li><li>Hovedstyret for Norsk Bibliotekforening (NBF) fra 2006 til 2012, der jeg var leder av foreningens redaksjonsutvalg og medlem av foreningens bokbransjeutvalg.<\/li><li>Styret for Norsk Astronomisk Selskap fra 2014 til 2017<\/li><li>Styret for Norsk Lyd- og Blindeskriftbibliotek fra 2014-2017.<\/li><\/ul>\n","protected":false},"excerpt":{"rendered":"<p>Utdannelse Examen Artium fra Vahl videreg\u00e5ende skole, Oslo, i 1983. Cand. scient med hovedfag astrofysikk, Universitetet i Oslo, 1989. Kurs p\u00e5 grunn- og mellomfagsniv\u00e5 i matematikk, fysikk, informatikk og astrofysikk. N\u00e5v\u00e6rende stilling Jeg har siden 1990 arbeidet p\u00e5 heltid som&#8230; <a class=\"more-link\" href=\"https:\/\/www.newth.net\/eirik\/cv-for-eirik-newth\/\">Continue Reading &rarr;<\/a><\/p>\n","protected":false},"author":1,"featured_media":0,"parent":0,"menu_order":0,"comment_status":"closed","ping_status":"closed","template":"","meta":{"_monsterinsights_skip_tracking":false,"_monsterinsights_sitenote_active":false,"_monsterinsights_sitenote_note":"","_monsterinsights_sitenote_category":0,"footnotes":""},"class_list":["post-13389","page","type-page","status-publish","hentry"],"_links":{"self":[{"href":"https:\/\/www.newth.net\/eirik\/wp-json\/wp\/v2\/pages\/13389","targetHints":{"allow":["GET"]}}],"collection":[{"href":"https:\/\/www.newth.net\/eirik\/wp-json\/wp\/v2\/pages"}],"about":[{"href":"https:\/\/www.newth.net\/eirik\/wp-json\/wp\/v2\/types\/page"}],"author":[{"embeddable":true,"href":"https:\/\/www.newth.net\/eirik\/wp-json\/wp\/v2\/users\/1"}],"replies":[{"embeddable":true,"href":"https:\/\/www.newth.net\/eirik\/wp-json\/wp\/v2\/comments?post=13389"}],"version-history":[{"count":3,"href":"https:\/\/www.newth.net\/eirik\/wp-json\/wp\/v2\/pages\/13389\/revisions"}],"predecessor-version":[{"id":13394,"href":"https:\/\/www.newth.net\/eirik\/wp-json\/wp\/v2\/pages\/13389\/revisions\/13394"}],"wp:attachment":[{"href":"https:\/\/www.newth.net\/eirik\/wp-json\/wp\/v2\/media?parent=13389"}],"curies":[{"name":"wp","href":"https:\/\/api.w.org\/{rel}","templated":true}]}}